{"id":3180,"date":"2020-05-28T09:49:09","date_gmt":"2020-05-28T09:49:09","guid":{"rendered":"https:\/\/www.cantinachitarra.com\/?page_id=3180"},"modified":"2021-05-11T11:04:41","modified_gmt":"2021-05-11T11:04:41","slug":"sicilie-de-louest","status":"publish","type":"page","link":"https:\/\/cantinachitarra.com\/fr\/sicilie-de-louest\/","title":{"rendered":"Sicilie de l&rsquo;ouest"},"content":{"rendered":"\t\t<div data-elementor-type=\"wp-page\" data-elementor-id=\"3180\" class=\"elementor elementor-3180 elementor-196\" data-elementor-settings=\"[]\">\n\t\t\t\t\t\t<div class=\"elementor-inner\">\n\t\t\t\t\t\t\t<div class=\"elementor-section-wrap\">\n\t\t\t\t\t\t\t<section class=\"elementor-section elementor-top-section elementor-element elementor-element-e03430e elementor-section-full_width elementor-section-height-default elementor-section-height-default\" data-id=\"e03430e\" data-element_type=\"section\">\n\t\t\t\t\t\t<div class=\"elementor-container elementor-column-gap-no\">\n\t\t\t\t\t\t\t<div class=\"elementor-row\">\n\t\t\t\t\t<div class=\"elementor-column elementor-col-100 elementor-top-column elementor-element elementor-element-dbc6b6b\" data-id=\"dbc6b6b\" data-element_type=\"column\">\n\t\t\t<div class=\"elementor-column-wrap elementor-element-populated\">\n\t\t\t\t\t\t\t<div class=\"elementor-widget-wrap\">\n\t\t\t\t\t\t<div class=\"elementor-element elementor-element-a49711c elementor--h-position-left elementor--v-position-bottom elementor-arrows-position-inside elementor-pagination-position-inside elementor-widget elementor-widget-slides\" data-id=\"a49711c\" data-element_type=\"widget\" data-settings=\"{&quot;navigation&quot;:&quot;both&quot;,&quot;autoplay&quot;:&quot;yes&quot;,&quot;pause_on_hover&quot;:&quot;yes&quot;,&quot;pause_on_interaction&quot;:&quot;yes&quot;,&quot;autoplay_speed&quot;:5000,&quot;infinite&quot;:&quot;yes&quot;,&quot;transition&quot;:&quot;slide&quot;,&quot;transition_speed&quot;:500}\" data-widget_type=\"slides.default\">\n\t\t\t\t<div class=\"elementor-widget-container\">\n\t\t\t\t\t<div class=\"elementor-swiper\">\n\t\t\t<div class=\"elementor-slides-wrapper elementor-main-swiper swiper-container\" dir=\"ltr\" data-animation=\"fadeInUp\">\n\t\t\t\t<div class=\"swiper-wrapper elementor-slides\">\n\t\t\t\t\t<div class=\"elementor-repeater-item-077f6ef swiper-slide\"><div class=\"swiper-slide-bg\"><\/div><div class=\"elementor-background-overlay\"><\/div><div class=\"swiper-slide-inner\" ><div class=\"swiper-slide-contents\"><div class=\"elementor-slide-heading\">SICILIE DE L'OUEST<\/div><\/div><\/div><\/div>\t\t\t\t<\/div>\n\t\t\t\t\t\t\t<\/div>\n\t\t<\/div>\n\t\t\t\t<\/div>\n\t\t\t\t<\/div>\n\t\t\t\t\t\t<\/div>\n\t\t\t\t\t<\/div>\n\t\t<\/div>\n\t\t\t\t\t\t\t\t<\/div>\n\t\t\t\t\t<\/div>\n\t\t<\/section>\n\t\t\t\t<section class=\"elementor-section elementor-top-section elementor-element elementor-element-04ef373 elementor-section-content-middle elementor-section-boxed elementor-section-height-default elementor-section-height-default\" data-id=\"04ef373\" data-element_type=\"section\" data-settings=\"{&quot;background_background&quot;:&quot;classic&quot;}\">\n\t\t\t\t\t\t\t<div class=\"elementor-background-overlay\"><\/div>\n\t\t\t\t\t\t\t<div class=\"elementor-container elementor-column-gap-default\">\n\t\t\t\t\t\t\t<div class=\"elementor-row\">\n\t\t\t\t\t<div class=\"elementor-column elementor-col-100 elementor-top-column elementor-element elementor-element-506b8e7\" data-id=\"506b8e7\" data-element_type=\"column\">\n\t\t\t<div class=\"elementor-column-wrap elementor-element-populated\">\n\t\t\t\t\t\t\t<div class=\"elementor-widget-wrap\">\n\t\t\t\t\t\t<div class=\"elementor-element elementor-element-e52ce06 elementor-widget elementor-widget-heading\" data-id=\"e52ce06\" data-element_type=\"widget\" data-settings=\"{&quot;motion_fx_motion_fx_scrolling&quot;:&quot;yes&quot;,&quot;motion_fx_translateX_effect&quot;:&quot;yes&quot;,&quot;motion_fx_translateX_direction&quot;:&quot;negative&quot;,&quot;motion_fx_devices&quot;:[&quot;desktop&quot;],&quot;motion_fx_translateX_speed&quot;:{&quot;unit&quot;:&quot;px&quot;,&quot;size&quot;:4,&quot;sizes&quot;:[]},&quot;motion_fx_translateX_affectedRange&quot;:{&quot;unit&quot;:&quot;%&quot;,&quot;size&quot;:&quot;&quot;,&quot;sizes&quot;:{&quot;start&quot;:0,&quot;end&quot;:100}}}\" data-widget_type=\"heading.default\">\n\t\t\t\t<div class=\"elementor-widget-container\">\n\t\t\t<h1 class=\"elementor-heading-title elementor-size-default\">Sicilie<\/h1>\t\t<\/div>\n\t\t\t\t<\/div>\n\t\t\t\t<div class=\"elementor-element elementor-element-9e08a33 elementor-widget elementor-widget-text-editor\" data-id=\"9e08a33\" data-element_type=\"widget\" data-widget_type=\"text-editor.default\">\n\t\t\t\t<div class=\"elementor-widget-container\">\n\t\t\t\t\t<div class=\"elementor-text-editor elementor-clearfix\"><p>Territoire qui unit les cultures, cultive les traditions et c\u00e9l\u00e8bre l\u2019authenticit\u00e9.<br \/>\nLa Sicile est un hymne d\u2019ar\u00f4mes et de saveurs uniques.<br \/>\nL\u2019\u00eele est un symbole du secteur du vin dans le monde entier.<\/p>\n<p>Le territoire sicilien consacre une grande attention \u00e0 la culture de la vigne et aux processus de vinification, avec la pr\u00e9sence d\u2019immenses vignobles pour la production de vin. La Sicile et le vin sont une combinaison qui a ses racines dans le pass\u00e9 et pousse constamment dans le pr\u00e9sent, en gardant les promesses pour l\u2019avenir en toute s\u00e9curit\u00e9.<\/p>\n<p>Les vignes pr\u00e9sentent des c\u00e9pages blancs et noirs qui trouvent leur \u00e9quilibre dans une nature pr\u00e9serv\u00e9e. Des vins \u00e0 l\u2019identit\u00e9 unique, fruit de rencontres entre raisins et cultures. Savourer un vin sicilien, c\u2019est se lancer dans un voyage sensoriel qui m\u00e8ne \u00e0 la d\u00e9couverte d\u2019un terroir unique, o\u00f9 la vocation du vin rencontre la passion de la culture de la vigne.<\/p>\n<\/div>\n\t\t\t\t<\/div>\n\t\t\t\t<\/div>\n\t\t\t\t\t\t<\/div>\n\t\t\t\t\t<\/div>\n\t\t<\/div>\n\t\t\t\t\t\t\t\t<\/div>\n\t\t\t\t\t<\/div>\n\t\t<\/section>\n\t\t\t\t<section class=\"elementor-section elementor-top-section elementor-element elementor-element-0d63da8 elementor-section-height-min-height elementor-section-boxed elementor-section-height-default elementor-section-items-middle\" data-id=\"0d63da8\" data-element_type=\"section\" data-settings=\"{&quot;background_background&quot;:&quot;classic&quot;}\">\n\t\t\t\t\t\t\t<div class=\"elementor-background-overlay\"><\/div>\n\t\t\t\t\t\t\t<div class=\"elementor-container elementor-column-gap-default\">\n\t\t\t\t\t\t\t<div class=\"elementor-row\">\n\t\t\t\t\t<div class=\"elementor-column elementor-col-100 elementor-top-column elementor-element elementor-element-58f17ab\" data-id=\"58f17ab\" data-element_type=\"column\">\n\t\t\t<div class=\"elementor-column-wrap elementor-element-populated\">\n\t\t\t\t\t\t\t<div class=\"elementor-widget-wrap\">\n\t\t\t\t\t\t<div class=\"elementor-element elementor-element-4a7fe2a elementor-widget elementor-widget-heading\" data-id=\"4a7fe2a\" data-element_type=\"widget\" data-settings=\"{&quot;motion_fx_motion_fx_scrolling&quot;:&quot;yes&quot;,&quot;motion_fx_translateX_effect&quot;:&quot;yes&quot;,&quot;motion_fx_devices&quot;:[&quot;desktop&quot;],&quot;motion_fx_translateX_speed&quot;:{&quot;unit&quot;:&quot;px&quot;,&quot;size&quot;:4,&quot;sizes&quot;:[]},&quot;motion_fx_translateX_affectedRange&quot;:{&quot;unit&quot;:&quot;%&quot;,&quot;size&quot;:&quot;&quot;,&quot;sizes&quot;:{&quot;start&quot;:0,&quot;end&quot;:100}}}\" data-widget_type=\"heading.default\">\n\t\t\t\t<div class=\"elementor-widget-container\">\n\t\t\t<h2 class=\"elementor-heading-title elementor-size-default\">Marsala<\/h2>\t\t<\/div>\n\t\t\t\t<\/div>\n\t\t\t\t<div class=\"elementor-element elementor-element-3850a0b elementor-widget elementor-widget-text-editor\" data-id=\"3850a0b\" data-element_type=\"widget\" data-widget_type=\"text-editor.default\">\n\t\t\t\t<div class=\"elementor-widget-container\">\n\t\t\t\t\t<div class=\"elementor-text-editor elementor-clearfix\"><p>Suspendu au fil du temps, elle conserve l\u2019\u00e9l\u00e9gante beaut\u00e9 des histoires anciennes.<br \/>\nVoix narrative des exploits et des actions grandioses de Garibaldi.<br \/>\nMarsala est la terre des Romains, des Arabes et des Espagnols.<br \/>\nUn \u00e9l\u00e9ment distinctif a toujours caract\u00e9ris\u00e9 cette ville: le vin.<br \/>\nDes ambiances suggestives qui enchantent, gr\u00e2ce \u00e0 la pr\u00e9sence de territoires non contamin\u00e9s.<br \/>\nConnue et aim\u00e9e de tous, la Saline di Marsala, dans la r\u00e9serve naturelle r\u00e9gionale des \u00eeles Stagnone.<br \/>\nL\u2019archipel comprend plusieurs \u00eeles dont Mozia d\u2019o\u00f9 il est possible d\u2019observer le coucher de soleil de la Saline di Marsala, reconnue comme le plus beau quartier du monde.<\/p>\n<\/div>\n\t\t\t\t<\/div>\n\t\t\t\t<\/div>\n\t\t\t\t\t\t<\/div>\n\t\t\t\t\t<\/div>\n\t\t<\/div>\n\t\t\t\t\t\t\t\t<\/div>\n\t\t\t\t\t<\/div>\n\t\t<\/section>\n\t\t\t\t\t\t<\/div>\n\t\t\t\t\t\t<\/div>\n\t\t\t\t\t<\/div>\n\t\t","protected":false},"excerpt":{"rendered":"<p>SICILIE DE L&rsquo;OUEST Sicilie Territoire qui unit les cultures, cultive les traditions et c\u00e9l\u00e8bre l\u2019authenticit\u00e9. La Sicile est un hymne d\u2019ar\u00f4mes et de saveurs uniques. L\u2019\u00eele est un symbole du secteur du vin dans le monde entier. Le territoire sicilien consacre une grande attention \u00e0 la culture de la vigne et aux processus de vinification, [&hellip;]<\/p>\n","protected":false},"author":2,"featured_media":0,"parent":0,"menu_order":0,"comment_status":"closed","ping_status":"closed","template":"","meta":{"footnotes":""},"class_list":["post-3180","page","type-page","status-publish","hentry"],"yoast_head":"<!-- This site is optimized with the Yoast SEO plugin v16.0.2 - https:\/\/yoast.com\/wordpress\/plugins\/seo\/ -->\n<title>Sicilie de l&#039;ouest - Cantina Chitarra<\/title>\n<meta name=\"description\" content=\"A territory that unites cultures, cultivates traditions and celebrates authenticity. Sicily is a hymn of unique scents and flavours.\" \/>\n<link rel=\"canonical\" href=\"https:\/\/cantinachitarra.com\/fr\/sicilie-de-louest\/\" \/>\n<meta property=\"og:locale\" content=\"fr_FR\" \/>\n<meta property=\"og:type\" content=\"article\" \/>\n<meta property=\"og:title\" content=\"Sicilie de l&#039;ouest - Cantina Chitarra\" \/>\n<meta property=\"og:description\" content=\"A territory that unites cultures, cultivates traditions and celebrates authenticity. Sicily is a hymn of unique scents and flavours.\" \/>\n<meta property=\"og:url\" content=\"https:\/\/cantinachitarra.com\/fr\/sicilie-de-louest\/\" \/>\n<meta property=\"og:site_name\" content=\"Cantina Chitarra\" \/>\n<meta property=\"article:modified_time\" content=\"2021-05-11T11:04:41+00:00\" \/>\n<meta name=\"twitter:card\" content=\"summary_large_image\" \/>\n<meta name=\"twitter:label1\" content=\"Dur\u00e9e de lecture est.\">\n\t<meta name=\"twitter:data1\" content=\"2 minutes\">\n<script type=\"application\/ld+json\" class=\"yoast-schema-graph\">{\"@context\":\"https:\/\/schema.org\",\"@graph\":[{\"@type\":\"WebSite\",\"@id\":\"https:\/\/cantinachitarra.com\/#website\",\"url\":\"https:\/\/cantinachitarra.com\/\",\"name\":\"Cantina Chitarra\",\"description\":\"Azienda Vitivinicola Siciliana\",\"potentialAction\":[{\"@type\":\"SearchAction\",\"target\":\"https:\/\/cantinachitarra.com\/?s={search_term_string}\",\"query-input\":\"required name=search_term_string\"}],\"inLanguage\":\"fr-FR\"},{\"@type\":\"WebPage\",\"@id\":\"https:\/\/cantinachitarra.com\/fr\/sicilie-de-louest\/#webpage\",\"url\":\"https:\/\/cantinachitarra.com\/fr\/sicilie-de-louest\/\",\"name\":\"Sicilie de l'ouest - Cantina Chitarra\",\"isPartOf\":{\"@id\":\"https:\/\/cantinachitarra.com\/#website\"},\"datePublished\":\"2020-05-28T09:49:09+00:00\",\"dateModified\":\"2021-05-11T11:04:41+00:00\",\"description\":\"A territory that unites cultures, cultivates traditions and celebrates authenticity. Sicily is a hymn of unique scents and flavours.\",\"breadcrumb\":{\"@id\":\"https:\/\/cantinachitarra.com\/fr\/sicilie-de-louest\/#breadcrumb\"},\"inLanguage\":\"fr-FR\",\"potentialAction\":[{\"@type\":\"ReadAction\",\"target\":[\"https:\/\/cantinachitarra.com\/fr\/sicilie-de-louest\/\"]}]},{\"@type\":\"BreadcrumbList\",\"@id\":\"https:\/\/cantinachitarra.com\/fr\/sicilie-de-louest\/#breadcrumb\",\"itemListElement\":[{\"@type\":\"ListItem\",\"position\":1,\"item\":{\"@type\":\"WebPage\",\"@id\":\"https:\/\/cantinachitarra.com\/fr\/\",\"url\":\"https:\/\/cantinachitarra.com\/fr\/\",\"name\":\"Home\"}},{\"@type\":\"ListItem\",\"position\":2,\"item\":{\"@type\":\"WebPage\",\"@id\":\"https:\/\/cantinachitarra.com\/fr\/sicilie-de-louest\/\",\"url\":\"https:\/\/cantinachitarra.com\/fr\/sicilie-de-louest\/\",\"name\":\"Sicilie de l&rsquo;ouest\"}}]}]}<\/script>\n<!-- \/ Yoast SEO plugin. -->","_links":{"self":[{"href":"https:\/\/cantinachitarra.com\/fr\/wp-json\/wp\/v2\/pages\/3180"}],"collection":[{"href":"https:\/\/cantinachitarra.com\/fr\/wp-json\/wp\/v2\/pages"}],"about":[{"href":"https:\/\/cantinachitarra.com\/fr\/wp-json\/wp\/v2\/types\/page"}],"author":[{"embeddable":true,"href":"https:\/\/cantinachitarra.com\/fr\/wp-json\/wp\/v2\/users\/2"}],"replies":[{"embeddable":true,"href":"https:\/\/cantinachitarra.com\/fr\/wp-json\/wp\/v2\/comments?post=3180"}],"version-history":[{"count":13,"href":"https:\/\/cantinachitarra.com\/fr\/wp-json\/wp\/v2\/pages\/3180\/revisions"}],"predecessor-version":[{"id":6996,"href":"https:\/\/cantinachitarra.com\/fr\/wp-json\/wp\/v2\/pages\/3180\/revisions\/6996"}],"wp:attachment":[{"href":"https:\/\/cantinachitarra.com\/fr\/wp-json\/wp\/v2\/media?parent=3180"}],"curies":[{"name":"wp","href":"https:\/\/api.w.org\/{rel}","templated":true}]}}