{"id":3310,"date":"2020-06-01T08:45:50","date_gmt":"2020-06-01T08:45:50","guid":{"rendered":"https:\/\/www.cantinachitarra.com\/?page_id=3310"},"modified":"2021-04-19T11:25:17","modified_gmt":"2021-04-19T11:25:17","slug":"meteo-vintages","status":"publish","type":"page","link":"https:\/\/cantinachitarra.com\/fr\/meteo-vintages\/","title":{"rendered":"M\u00c9T\u00c9O VINTAGES"},"content":{"rendered":"\t\t<div data-elementor-type=\"wp-page\" data-elementor-id=\"3310\" class=\"elementor elementor-3310 elementor-1088\" data-elementor-settings=\"[]\">\n\t\t\t\t\t\t<div class=\"elementor-inner\">\n\t\t\t\t\t\t\t<div class=\"elementor-section-wrap\">\n\t\t\t\t\t\t\t<section class=\"elementor-section elementor-top-section elementor-element elementor-element-cf51ca6 elementor-section-full_width elementor-section-height-default elementor-section-height-default\" data-id=\"cf51ca6\" data-element_type=\"section\">\n\t\t\t\t\t\t<div class=\"elementor-container elementor-column-gap-no\">\n\t\t\t\t\t\t\t<div class=\"elementor-row\">\n\t\t\t\t\t<div class=\"elementor-column elementor-col-100 elementor-top-column elementor-element elementor-element-322da8c\" data-id=\"322da8c\" data-element_type=\"column\">\n\t\t\t<div class=\"elementor-column-wrap elementor-element-populated\">\n\t\t\t\t\t\t\t<div class=\"elementor-widget-wrap\">\n\t\t\t\t\t\t<div class=\"elementor-element elementor-element-d58e6a5 elementor--h-position-left elementor--v-position-bottom elementor-arrows-position-inside elementor-pagination-position-inside elementor-widget elementor-widget-slides\" data-id=\"d58e6a5\" data-element_type=\"widget\" data-settings=\"{&quot;navigation&quot;:&quot;both&quot;,&quot;autoplay&quot;:&quot;yes&quot;,&quot;pause_on_hover&quot;:&quot;yes&quot;,&quot;pause_on_interaction&quot;:&quot;yes&quot;,&quot;autoplay_speed&quot;:5000,&quot;infinite&quot;:&quot;yes&quot;,&quot;transition&quot;:&quot;slide&quot;,&quot;transition_speed&quot;:500}\" data-widget_type=\"slides.default\">\n\t\t\t\t<div class=\"elementor-widget-container\">\n\t\t\t\t\t<div class=\"elementor-swiper\">\n\t\t\t<div class=\"elementor-slides-wrapper elementor-main-swiper swiper-container\" dir=\"ltr\" data-animation=\"fadeInUp\">\n\t\t\t\t<div class=\"swiper-wrapper elementor-slides\">\n\t\t\t\t\t<div class=\"elementor-repeater-item-077f6ef swiper-slide\"><div class=\"swiper-slide-bg\"><\/div><div class=\"elementor-background-overlay\"><\/div><div class=\"swiper-slide-inner\" ><div class=\"swiper-slide-contents\"><div class=\"elementor-slide-heading\">M\u00c9T\u00c9O VINTAGES<\/div><\/div><\/div><\/div>\t\t\t\t<\/div>\n\t\t\t\t\t\t\t<\/div>\n\t\t<\/div>\n\t\t\t\t<\/div>\n\t\t\t\t<\/div>\n\t\t\t\t\t\t<\/div>\n\t\t\t\t\t<\/div>\n\t\t<\/div>\n\t\t\t\t\t\t\t\t<\/div>\n\t\t\t\t\t<\/div>\n\t\t<\/section>\n\t\t\t\t<section class=\"elementor-section elementor-top-section elementor-element elementor-element-a0e2cb0 elementor-section-boxed elementor-section-height-default elementor-section-height-default\" data-id=\"a0e2cb0\" data-element_type=\"section\">\n\t\t\t\t\t\t<div class=\"elementor-container elementor-column-gap-wider\">\n\t\t\t\t\t\t\t<div class=\"elementor-row\">\n\t\t\t\t\t<div class=\"elementor-column elementor-col-100 elementor-top-column elementor-element elementor-element-7737c2d\" data-id=\"7737c2d\" data-element_type=\"column\">\n\t\t\t<div class=\"elementor-column-wrap elementor-element-populated\">\n\t\t\t\t\t\t\t<div class=\"elementor-widget-wrap\">\n\t\t\t\t\t\t<div class=\"elementor-element elementor-element-8b2d742 elementor-grid-2 elementor-grid-tablet-2 elementor-grid-mobile-1 elementor-posts--thumbnail-top elementor-widget elementor-widget-posts\" data-id=\"8b2d742\" data-element_type=\"widget\" data-settings=\"{&quot;classic_columns&quot;:&quot;2&quot;,&quot;classic_columns_tablet&quot;:&quot;2&quot;,&quot;classic_columns_mobile&quot;:&quot;1&quot;,&quot;classic_row_gap&quot;:{&quot;unit&quot;:&quot;px&quot;,&quot;size&quot;:35,&quot;sizes&quot;:[]}}\" data-widget_type=\"posts.classic\">\n\t\t\t\t<div class=\"elementor-widget-container\">\n\t\t\t\t\t<div class=\"elementor-posts-container elementor-posts elementor-posts--skin-classic elementor-grid\">\n\t\t\t\t<article class=\"elementor-post elementor-grid-item post-6636 post type-post status-publish format-standard has-post-thumbnail hentry category-la-meteo\">\n\t\t\t\t<a class=\"elementor-post__thumbnail__link\" href=\"https:\/\/cantinachitarra.com\/fr\/la-meteo\/rapport-de-recolte-2020\/\" >\n\t\t\t<div class=\"elementor-post__thumbnail\"><img loading=\"lazy\" decoding=\"async\" width=\"1600\" height=\"900\" src=\"https:\/\/cantinachitarra.com\/wp-content\/uploads\/2019\/12\/annate-meteo-cantinachitarra.jpg\" class=\"attachment-full size-full\" alt=\"Vendemmia 2018, andamento climatico e rese\" srcset=\"https:\/\/cantinachitarra.com\/wp-content\/uploads\/2019\/12\/annate-meteo-cantinachitarra.jpg 1600w, https:\/\/cantinachitarra.com\/wp-content\/uploads\/2019\/12\/annate-meteo-cantinachitarra-300x169.jpg 300w, https:\/\/cantinachitarra.com\/wp-content\/uploads\/2019\/12\/annate-meteo-cantinachitarra-1024x576.jpg 1024w, https:\/\/cantinachitarra.com\/wp-content\/uploads\/2019\/12\/annate-meteo-cantinachitarra-768x432.jpg 768w, https:\/\/cantinachitarra.com\/wp-content\/uploads\/2019\/12\/annate-meteo-cantinachitarra-1536x864.jpg 1536w\" sizes=\"(max-width: 1600px) 100vw, 1600px\" \/><\/div>\n\t\t<\/a>\n\t\t\t\t<div class=\"elementor-post__text\">\n\t\t\t\t<h3 class=\"elementor-post__title\">\n\t\t\t<a href=\"https:\/\/cantinachitarra.com\/fr\/la-meteo\/rapport-de-recolte-2020\/\" >\n\t\t\t\tRapport de r\u00e9colte 2020\t\t\t<\/a>\n\t\t<\/h3>\n\t\t\t\t<div class=\"elementor-post__meta-data\">\n\t\t\t\t\t<span class=\"elementor-post-date\">\n\t\t\tmai 4, 2021\t\t<\/span>\n\t\t\t\t<span class=\"elementor-post-avatar\">\n\t\t\tAucun commentaire\t\t<\/span>\n\t\t\t\t<\/div>\n\t\t\t\t<div class=\"elementor-post__excerpt\">\n\t\t\t<p>Rapport de r\u00e9colte 2020 Les vendanges 2020 ont d\u00e9but\u00e9 une semaine apr\u00e8s les vendanges 2019, soit le 3 ao\u00fbt, avec les vendanges de Pinot Grigio<\/p>\n\t\t<\/div>\n\t\t\t\t\t<a class=\"elementor-post__read-more\" href=\"https:\/\/cantinachitarra.com\/fr\/la-meteo\/rapport-de-recolte-2020\/\" >\n\t\t\t\tRead More \u00bb\t\t\t<\/a>\n\t\t\t\t<\/div>\n\t\t\t\t<\/article>\n\t\t\t\t<article class=\"elementor-post elementor-grid-item post-3320 post type-post status-publish format-standard has-post-thumbnail hentry category-la-meteo\">\n\t\t\t\t<a class=\"elementor-post__thumbnail__link\" href=\"https:\/\/cantinachitarra.com\/fr\/la-meteo\/recolte-2019-tendance-climatique-et-rendements\/\" >\n\t\t\t<div class=\"elementor-post__thumbnail\"><img loading=\"lazy\" decoding=\"async\" width=\"1600\" height=\"900\" src=\"https:\/\/cantinachitarra.com\/wp-content\/uploads\/2019\/12\/vendemmia_2019.jpg\" class=\"attachment-full size-full\" alt=\"\" srcset=\"https:\/\/cantinachitarra.com\/wp-content\/uploads\/2019\/12\/vendemmia_2019.jpg 1600w, https:\/\/cantinachitarra.com\/wp-content\/uploads\/2019\/12\/vendemmia_2019-300x169.jpg 300w, https:\/\/cantinachitarra.com\/wp-content\/uploads\/2019\/12\/vendemmia_2019-1024x576.jpg 1024w, https:\/\/cantinachitarra.com\/wp-content\/uploads\/2019\/12\/vendemmia_2019-768x432.jpg 768w, https:\/\/cantinachitarra.com\/wp-content\/uploads\/2019\/12\/vendemmia_2019-1536x864.jpg 1536w\" sizes=\"(max-width: 1600px) 100vw, 1600px\" \/><\/div>\n\t\t<\/a>\n\t\t\t\t<div class=\"elementor-post__text\">\n\t\t\t\t<h3 class=\"elementor-post__title\">\n\t\t\t<a href=\"https:\/\/cantinachitarra.com\/fr\/la-meteo\/recolte-2019-tendance-climatique-et-rendements\/\" >\n\t\t\t\tR\u00e9colte 2019, tendance climatique et rendements\t\t\t<\/a>\n\t\t<\/h3>\n\t\t\t\t<div class=\"elementor-post__meta-data\">\n\t\t\t\t\t<span class=\"elementor-post-date\">\n\t\t\tjuin 1, 2020\t\t<\/span>\n\t\t\t\t<span class=\"elementor-post-avatar\">\n\t\t\tAucun commentaire\t\t<\/span>\n\t\t\t\t<\/div>\n\t\t\t\t<div class=\"elementor-post__excerpt\">\n\t\t\t<p>R\u00e9colte 2019 La r\u00e9colte 2019 a commenc\u00e9 avec un retard moyen de 10 \u00e0 15 jours par rapport \u00e0 l&rsquo;ann\u00e9e derni\u00e8re, avec des conditions variables<\/p>\n\t\t<\/div>\n\t\t\t\t\t<a class=\"elementor-post__read-more\" href=\"https:\/\/cantinachitarra.com\/fr\/la-meteo\/recolte-2019-tendance-climatique-et-rendements\/\" >\n\t\t\t\tRead More \u00bb\t\t\t<\/a>\n\t\t\t\t<\/div>\n\t\t\t\t<\/article>\n\t\t\t\t<article class=\"elementor-post elementor-grid-item post-3313 post type-post status-publish format-standard has-post-thumbnail hentry category-la-meteo\">\n\t\t\t\t<a class=\"elementor-post__thumbnail__link\" href=\"https:\/\/cantinachitarra.com\/fr\/la-meteo\/tendance-climatique-et-rendements\/\" >\n\t\t\t<div class=\"elementor-post__thumbnail\"><img loading=\"lazy\" decoding=\"async\" width=\"1600\" height=\"900\" src=\"https:\/\/cantinachitarra.com\/wp-content\/uploads\/2019\/12\/annate-meteo-cantinachitarra.jpg\" class=\"attachment-full size-full\" alt=\"Vendemmia 2018, andamento climatico e rese\" srcset=\"https:\/\/cantinachitarra.com\/wp-content\/uploads\/2019\/12\/annate-meteo-cantinachitarra.jpg 1600w, https:\/\/cantinachitarra.com\/wp-content\/uploads\/2019\/12\/annate-meteo-cantinachitarra-300x169.jpg 300w, https:\/\/cantinachitarra.com\/wp-content\/uploads\/2019\/12\/annate-meteo-cantinachitarra-1024x576.jpg 1024w, https:\/\/cantinachitarra.com\/wp-content\/uploads\/2019\/12\/annate-meteo-cantinachitarra-768x432.jpg 768w, https:\/\/cantinachitarra.com\/wp-content\/uploads\/2019\/12\/annate-meteo-cantinachitarra-1536x864.jpg 1536w\" sizes=\"(max-width: 1600px) 100vw, 1600px\" \/><\/div>\n\t\t<\/a>\n\t\t\t\t<div class=\"elementor-post__text\">\n\t\t\t\t<h3 class=\"elementor-post__title\">\n\t\t\t<a href=\"https:\/\/cantinachitarra.com\/fr\/la-meteo\/tendance-climatique-et-rendements\/\" >\n\t\t\t\tR\u00e9colte 2018, tendance climatique et rendements\t\t\t<\/a>\n\t\t<\/h3>\n\t\t\t\t<div class=\"elementor-post__meta-data\">\n\t\t\t\t\t<span class=\"elementor-post-date\">\n\t\t\tjuin 1, 2020\t\t<\/span>\n\t\t\t\t<span class=\"elementor-post-avatar\">\n\t\t\tAucun commentaire\t\t<\/span>\n\t\t\t\t<\/div>\n\t\t\t\t<div class=\"elementor-post__excerpt\">\n\t\t\t<p>R\u00e9colte 2018 La r\u00e9colte 2018 a \u00e9t\u00e9 tr\u00e8s disput\u00e9e et troubl\u00e9e pour plusieurs aspects li\u00e9s aux conditions m\u00e9t\u00e9orologiques et aux conditions climatiques d\u00e9favorables. Ces derniers<\/p>\n\t\t<\/div>\n\t\t\t\t\t<a class=\"elementor-post__read-more\" href=\"https:\/\/cantinachitarra.com\/fr\/la-meteo\/tendance-climatique-et-rendements\/\" >\n\t\t\t\tRead More \u00bb\t\t\t<\/a>\n\t\t\t\t<\/div>\n\t\t\t\t<\/article>\n\t\t\t\t<\/div>\n\t\t\t\t<\/div>\n\t\t\t\t<\/div>\n\t\t\t\t\t\t<\/div>\n\t\t\t\t\t<\/div>\n\t\t<\/div>\n\t\t\t\t\t\t\t\t<\/div>\n\t\t\t\t\t<\/div>\n\t\t<\/section>\n\t\t\t\t\t\t<\/div>\n\t\t\t\t\t\t<\/div>\n\t\t\t\t\t<\/div>\n\t\t","protected":false},"excerpt":{"rendered":"<p>M\u00c9T\u00c9O VINTAGES<\/p>\n","protected":false},"author":2,"featured_media":0,"parent":0,"menu_order":0,"comment_status":"closed","ping_status":"closed","template":"","meta":{"footnotes":""},"class_list":["post-3310","page","type-page","status-publish","hentry"],"yoast_head":"<!-- This site is optimized with the Yoast SEO plugin v16.0.2 - https:\/\/yoast.com\/wordpress\/plugins\/seo\/ -->\n<title>M\u00c9T\u00c9O VINTAGES - Cantina Chitarra<\/title>\n<link rel=\"canonical\" href=\"https:\/\/cantinachitarra.com\/fr\/meteo-vintages\/\" \/>\n<meta property=\"og:locale\" content=\"fr_FR\" \/>\n<meta property=\"og:type\" content=\"article\" \/>\n<meta property=\"og:title\" content=\"M\u00c9T\u00c9O VINTAGES - Cantina Chitarra\" \/>\n<meta property=\"og:description\" content=\"M\u00c9T\u00c9O VINTAGES\" \/>\n<meta property=\"og:url\" content=\"https:\/\/cantinachitarra.com\/fr\/meteo-vintages\/\" \/>\n<meta property=\"og:site_name\" content=\"Cantina Chitarra\" \/>\n<meta property=\"article:modified_time\" content=\"2021-04-19T11:25:17+00:00\" \/>\n<meta name=\"twitter:card\" content=\"summary_large_image\" \/>\n<meta name=\"twitter:label1\" content=\"Dur\u00e9e de lecture est.\">\n\t<meta name=\"twitter:data1\" content=\"1 minute\">\n<script type=\"application\/ld+json\" class=\"yoast-schema-graph\">{\"@context\":\"https:\/\/schema.org\",\"@graph\":[{\"@type\":\"WebSite\",\"@id\":\"https:\/\/cantinachitarra.com\/#website\",\"url\":\"https:\/\/cantinachitarra.com\/\",\"name\":\"Cantina Chitarra\",\"description\":\"Azienda Vitivinicola Siciliana\",\"potentialAction\":[{\"@type\":\"SearchAction\",\"target\":\"https:\/\/cantinachitarra.com\/?s={search_term_string}\",\"query-input\":\"required name=search_term_string\"}],\"inLanguage\":\"fr-FR\"},{\"@type\":\"WebPage\",\"@id\":\"https:\/\/cantinachitarra.com\/fr\/meteo-vintages\/#webpage\",\"url\":\"https:\/\/cantinachitarra.com\/fr\/meteo-vintages\/\",\"name\":\"M\\u00c9T\\u00c9O VINTAGES - Cantina Chitarra\",\"isPartOf\":{\"@id\":\"https:\/\/cantinachitarra.com\/#website\"},\"datePublished\":\"2020-06-01T08:45:50+00:00\",\"dateModified\":\"2021-04-19T11:25:17+00:00\",\"breadcrumb\":{\"@id\":\"https:\/\/cantinachitarra.com\/fr\/meteo-vintages\/#breadcrumb\"},\"inLanguage\":\"fr-FR\",\"potentialAction\":[{\"@type\":\"ReadAction\",\"target\":[\"https:\/\/cantinachitarra.com\/fr\/meteo-vintages\/\"]}]},{\"@type\":\"BreadcrumbList\",\"@id\":\"https:\/\/cantinachitarra.com\/fr\/meteo-vintages\/#breadcrumb\",\"itemListElement\":[{\"@type\":\"ListItem\",\"position\":1,\"item\":{\"@type\":\"WebPage\",\"@id\":\"https:\/\/cantinachitarra.com\/fr\/\",\"url\":\"https:\/\/cantinachitarra.com\/fr\/\",\"name\":\"Home\"}},{\"@type\":\"ListItem\",\"position\":2,\"item\":{\"@type\":\"WebPage\",\"@id\":\"https:\/\/cantinachitarra.com\/fr\/meteo-vintages\/\",\"url\":\"https:\/\/cantinachitarra.com\/fr\/meteo-vintages\/\",\"name\":\"M\\u00c9T\\u00c9O VINTAGES\"}}]}]}<\/script>\n<!-- \/ Yoast SEO plugin. -->","_links":{"self":[{"href":"https:\/\/cantinachitarra.com\/fr\/wp-json\/wp\/v2\/pages\/3310"}],"collection":[{"href":"https:\/\/cantinachitarra.com\/fr\/wp-json\/wp\/v2\/pages"}],"about":[{"href":"https:\/\/cantinachitarra.com\/fr\/wp-json\/wp\/v2\/types\/page"}],"author":[{"embeddable":true,"href":"https:\/\/cantinachitarra.com\/fr\/wp-json\/wp\/v2\/users\/2"}],"replies":[{"embeddable":true,"href":"https:\/\/cantinachitarra.com\/fr\/wp-json\/wp\/v2\/comments?post=3310"}],"version-history":[{"count":9,"href":"https:\/\/cantinachitarra.com\/fr\/wp-json\/wp\/v2\/pages\/3310\/revisions"}],"predecessor-version":[{"id":6077,"href":"https:\/\/cantinachitarra.com\/fr\/wp-json\/wp\/v2\/pages\/3310\/revisions\/6077"}],"wp:attachment":[{"href":"https:\/\/cantinachitarra.com\/fr\/wp-json\/wp\/v2\/media?parent=3310"}],"curies":[{"name":"wp","href":"https:\/\/api.w.org\/{rel}","templated":true}]}}